{"id":3,"date":"2024-05-11T11:31:31","date_gmt":"2024-05-11T11:31:31","guid":{"rendered":"http:\/\/wkuchnidietetyka.pl\/?page_id=3"},"modified":"2024-05-21T16:39:28","modified_gmt":"2024-05-21T14:39:28","slug":"privacy-policy","status":"publish","type":"page","link":"https:\/\/wkuchnidietetyka.pl\/?page_id=3","title":{"rendered":"Polityka Prywatno\u015bci i Pliki Cookies"},"content":{"rendered":"\n<h2 class=\"wp-block-heading has-large-font-size\">Kto przetwarza Twoje dane?<\/h2>\n\n\n\n<p>Administrator &#8211; Ewa Gaik, NIP 6443167050 REGON 242606502<\/p>\n\n\n\n<h2 class=\"wp-block-heading has-large-font-size\">W jakim celu przetwarzane s\u0105 dane?<\/h2>\n\n\n\n<p>Twoje&nbsp;dane osobowe (w&nbsp;tym adres IP lub inne informacje gromadzone za&nbsp;po\u015brednictwem plik\u00f3w cookies), przetwarzane s\u0105&nbsp;przez&nbsp;Administratora:<\/p>\n\n\n\n<p>1. w&nbsp;celu \u015bwiadczenia us\u0142ug drog\u0105 elektroniczn\u0105 w&nbsp;zakresie udost\u0119pniana U\u017cytkownikom tre\u015bci gromadzonych w&nbsp;Serwisie\u2013 w\u00f3wczas podstaw\u0105 prawn\u0105 przetwarzania jest niezb\u0119dno\u015b\u0107 przetwarzania do&nbsp;wykonania umowy (art. 6 ust. 1 lit b&nbsp;RODO);<\/p>\n\n\n\n<p>2.w celu ewentualnego ustalenia i&nbsp;dochodzenia roszcze\u0144 lub obrony przed&nbsp;nimi \u2013 podstaw\u0105 prawn\u0105 przetwarzania jest uzasadniony interes prawny (art. 6 ust. 1 lit f&nbsp;RODO);<\/p>\n\n\n\n<p>3. w&nbsp;celu przesy\u0142ania informacji handlowych za&nbsp;pomoc\u0105 newslettera podstaw\u0105 prawn\u0105 przetwarzania jest zgoda U\u017cytkownika (art. 6 ust. 1 lit. a&nbsp;RODO)<\/p>\n\n\n\n<p><strong>Newsletter<\/strong><\/p>\n\n\n\n<p>Administrator przetwarza dane osobowe U\u017cytkownik\u00f3w w&nbsp;celu realizowania dzia\u0142a\u0144 marketingowych, kt\u00f3re mog\u0105 polega\u0107 na&nbsp;przesy\u0142aniu U\u017cytkownikowi tre\u015bci marketingowych odpowiadaj\u0105cych jego zainteresowaniom (newsletter);<\/p>\n\n\n\n<p>W&nbsp;tym celu po&nbsp;uprzedniej zgodzie wyra\u017conej przez&nbsp;u\u017cytkownika na&nbsp;etapie potwierdzenia adresu mailowego, dane osobowe U\u017cytkownika podane w&nbsp;Serwisie takie jak&nbsp;imi\u0119 oraz&nbsp;adres email&nbsp;zostan\u0105 przekazane do&nbsp;partnera Administratora \u2013&nbsp;<a href=\"http:\/\/mailerlite.com\/\">mailerlite.com<\/a>&nbsp;w&nbsp;celu przes\u0142ania wiadomo\u015bci mailowej zawieraj\u0105cej tre\u015bci interesuj\u0105ce U\u017cytkownika.<\/p>\n\n\n\n<p>Administrator nie&nbsp;podejmuje decyzji automatycznych w&nbsp;stosunku do&nbsp;U\u017cytkownika oraz&nbsp;dane osobowe U\u017cytkownika nie&nbsp;podlegaj\u0105 profilowaniu.<\/p>\n\n\n\n<p><strong>Pliki cookies &#8211; ciasteczka<\/strong><\/p>\n\n\n\n<p>Serwis Administratora u\u017cywa plik\u00f3w \u201ecookies\u201d. Brak zmiany ustawie\u0144 przegl\u0105darki po\u00a0stronie Czytelnika jest r\u00f3wnoznaczny z\u00a0wyra\u017ceniem zgody na\u00a0ich u\u017cycie. S\u0105\u00a0to\u00a0kr\u00f3tkie informacje tekstowe, zapisywane na\u00a0komputerze, telefonie, tablecie, czy\u00a0te\u017c innym urz\u0105dzeniu u\u017cytkownika. Mog\u0105 by\u0107 one odczytywane przez\u00a0Administratora, a\u00a0tak\u017ce przez\u00a0systemy nale\u017c\u0105ce do\u00a0innych podmiot\u00f3w, z\u00a0kt\u00f3rych\u00a0us\u0142ug korzysta (takich jak Google). Pliki cookies zazwyczaj zawieraj\u0105 nazw\u0119 strony internetowej, z\u00a0kt\u00f3rej\u00a0pochodz\u0105, czas przechowywania ich na\u00a0urz\u0105dzeniu ko\u0144cowym oraz\u00a0unikalny numer. <\/p>\n\n\n\n<p>Je\u017celi wy\u0142\u0105czysz lub ograniczysz obs\u0142ug\u0119 plik\u00f3w cookies to&nbsp;strona mo\u017ce dzia\u0142a\u0107 gorzej lub niekt\u00f3re z&nbsp;funkcji zostan\u0105 poza Twoim zasi\u0119giem.<\/p>\n\n\n\n<p class=\"has-large-font-size\"><strong>Masz prawo do:<\/strong><\/p>\n\n\n\n<ol class=\"wp-block-list\">\n<li>dost\u0119pu do\u00a0tre\u015bci danych oraz\u00a0\u017c\u0105dania ich sprostowania,\u00a0<\/li>\n\n\n\n<li>usuni\u0119cia danych,\u00a0<\/li>\n\n\n\n<li>ograniczenia przetwarzania,\u00a0<\/li>\n\n\n\n<li>prawo do\u00a0przenoszenia danych,<\/li>\n\n\n\n<li>prawo wniesienia sprzeciwu wzgl\u0119dem przetwarzania danych,<\/li>\n\n\n\n<li>prawo wniesienia skargi do\u00a0organu nadzorczego- Prezesa Urz\u0119du Ochrony Danych Osobowych ul.\u00a0Stawki 2, 00-193 Warszawa<\/li>\n<\/ol>\n\n\n\n<p><strong>Je\u017celi dane przetwarzane s\u0105&nbsp;na&nbsp;podstawie zgody, to&nbsp;w&nbsp;ka\u017cdej chwili mo\u017cesz j\u0105&nbsp;wycofa\u0107.&nbsp;<\/strong><\/p>\n\n\n\n<p>Masz prawo zg\u0142oszenia sprzeciwu wzgl\u0119dem przetwarzania danych dla cel\u00f3w marketingowych, je\u015bli przetwarzanie odbywa si\u0119 w\u00a0zwi\u0105zku z\u00a0uzasadnionym interesem Administratora, a\u00a0tak\u017ce \u2013 z\u00a0przyczyn zwi\u0105zanych ze\u00a0szczeg\u00f3ln\u0105 sytuacj\u0105 U\u017cytkownika w\u00a0innych przypadkach, gdy\u00a0podstaw\u0105 prawn\u0105 przetwarzania danych jest uzasadniony interes Administratora (np.\u00a0w\u00a0zwi\u0105zku z\u00a0realizacj\u0105 cel\u00f3w analitycznych i\u00a0statystycznych).<\/p>\n\n\n\n<p><strong>Jak d\u0142ugo b\u0119d\u0105 przetwarzane dane?<\/strong><\/p>\n\n\n\n<p>W&nbsp;zale\u017cno\u015bci od&nbsp;podstawy ich przetwarzania i&nbsp;pochodzenia tych danych, co&nbsp;do&nbsp;zasady dane przetwarzane s\u0105&nbsp;przez&nbsp;czas \u015bwiadczenia us\u0142ugi lub realizowania zam\u00f3wienia, do&nbsp;czasu wycofania wyra\u017conej zgody lub zg\u0142oszenia skutecznego sprzeciwu wzgl\u0119dem przetwarzania danych w&nbsp;przypadkach, gdy&nbsp;podstaw\u0105 prawn\u0105 przetwarzania danych jest uzasadniony interes Administratora. Okres ten mo\u017ce zosta\u0107 wyd\u0142u\u017cony jedynie, je\u017celi zobowi\u0105\u017ce mnie do&nbsp;tego przepis lub te\u017c organ pa\u0144stwowy.&nbsp;<\/p>\n\n\n\n<p>Po&nbsp;up\u0142ywie okresu przetwarzania dane s\u0105&nbsp;nieodwracalnie usuwane lub anonimizowane.<\/p>\n\n\n\n<p><strong>Z&nbsp;kim si\u0119 dziel\u0119 danymi?<\/strong><\/p>\n\n\n\n<p>Administrator zastrzega sobie prawo ujawnienia wybranych informacji dotycz\u0105cych U\u017cytkownika w\u0142a\u015bciwym organom b\u0105d\u017a osobom trzecim, kt\u00f3re zg\u0142osz\u0105 \u017c\u0105danie udzielenia takich informacji, opieraj\u0105c si\u0119 na&nbsp;odpowiedniej podstawie prawnej oraz&nbsp;zgodnie z&nbsp;przepisami obowi\u0105zuj\u0105cego prawa.<\/p>\n\n\n\n<p>Przekazanie danych Poza Europejski Obszar Gospodarczy<\/p>\n\n\n\n<p>W&nbsp;celu obs\u0142ugi strony udost\u0119pniam Twoje&nbsp;dane dostawcom narz\u0119dzi. Za&nbsp;ka\u017cdym razem jednak jeste\u015b informowany o&nbsp;zakresie przekazania danych oraz&nbsp;momencie ich przekazania do&nbsp;podmiot\u00f3w trzecich. Podmioty te&nbsp;mog\u0105 mie\u0107 siedzib\u0119 w&nbsp;ramach Europejskiego Obszaru Gospodarczego lub te\u017c poza nim:<\/p>\n\n\n\n<p>W&nbsp;ramach EOG<\/p>\n\n\n\n<p>Dla MailerLite- dostarczaj\u0105cy narz\u0119dzie newslettera. Zbierane dane identyfikuj\u0105 u\u017cytkownika w&nbsp;ramach podanego adresu mailowego oraz&nbsp;imienia. Wi\u0119cej informacji o&nbsp;standardach prywatno\u015bci narz\u0119dzie dost\u0119pne jest pod&nbsp;linkiem: h<a href=\"ttps:\/\/www.mailerlite.com\/legal\/privacy-policy\">ttps:\/\/www.mailerlite.com\/legal\/privacy-policy<\/a>.<\/p>\n\n\n\n<p><\/p>\n\n\n\n<p>Poza EOG:<\/p>\n\n\n\n<p>W&nbsp;zwi\u0105zku z&nbsp;tym, \u017ce&nbsp;niekt\u00f3re podmioty wsp\u00f3\u0142pracuj\u0105ce z&nbsp;Administratorem maj\u0105 siedziby poza Uni\u0105 Europejsk\u0105, a&nbsp;zatem w&nbsp;\u015bwietle przepis\u00f3w RODO s\u0105&nbsp;traktowane jako tzw. pa\u0144stwa trzecie. Dane s\u0105&nbsp;przekazywane podmiotom ze&nbsp;Stan\u00f3w Zjednoczonych, kt\u00f3re zapewniaj\u0105 odpowiednie standardy przetwarzania danych:&nbsp;&nbsp;<\/p>\n\n\n\n<p>Dla Google Inc.- dostarczaj\u0105cy rozwi\u0105zanie Google Analytics s\u0142u\u017c\u0105ce do&nbsp;monitorowania ruchu strony. Zbierane dane uniemo\u017cliwiaj\u0105 identyfikacj\u0119 konkretnej osoby, a&nbsp;wi\u0119cej informacji o&nbsp;standardach prywatno\u015bci narz\u0119dzia dost\u0119pne jest pod&nbsp;linkiem www.google.com\/intl\/pl\/policies\/privacy\/partners\/. Ponadto korzystaj\u0105c z&nbsp;poni\u017cszego linku:&nbsp;<a href=\"https:\/\/tools.google.com\/dlpage\/gaoptout\">https:\/\/tools.google.com\/dlpage\/gaoptout<\/a>&nbsp;istnieje mo\u017cliwo\u015b\u0107 wy\u0142\u0105czenia aktywno\u015bci mierzonej przez&nbsp;Google Analytics.<\/p>\n\n\n\n<p>Dla Facebook Inc. dostarczaj\u0105cy rozwi\u0105zanie Facebook Pixel s\u0142u\u017c\u0105ce do\u00a0monitorowania ruchu strony.\u00a0Zbierane dane co\u00a0do\u00a0zasady uniemo\u017cliwiaj\u0105 identyfikacj\u0119 konkretnej osoby, a\u00a0wi\u0119cej informacji o\u00a0standardach prywatno\u015bci narz\u0119dzia dost\u0119pne jest pod\u00a0linkiem\u00a0<a href=\"https:\/\/developers.facebook.com\/docs\/privacy\/\">https:\/\/developers.facebook.com\/docs\/privacy\/<\/a><\/p>\n","protected":false},"excerpt":{"rendered":"<p>Kto przetwarza Twoje dane? Administrator &#8211; Ewa Gaik, NIP 6443167050 REGON 242606502 W jakim celu przetwarzane s\u0105 dane? Twoje&nbsp;dane osobowe (w&nbsp;tym adres IP lub inne informacje gromadzone za&nbsp;po\u015brednictwem plik\u00f3w cookies), przetwarzane s\u0105&nbsp;przez&nbsp;Administratora: 1. w&nbsp;celu \u015bwiadczenia us\u0142ug drog\u0105 elektroniczn\u0105 w&nbsp;zakresie udost\u0119pniana U\u017cytkownikom tre\u015bci gromadzonych w&nbsp;Serwisie\u2013 w\u00f3wczas podstaw\u0105 prawn\u0105 przetwarzania jest niezb\u0119dno\u015b\u0107 przetwarzania do&nbsp;wykonania umowy (art. 6 [&hellip;]<\/p>\n","protected":false},"author":1,"featured_media":0,"parent":0,"menu_order":0,"comment_status":"closed","ping_status":"closed","template":"","meta":{"zakra_page_container_layout":"customizer","zakra_page_sidebar_layout":"customizer","zakra_remove_content_margin":false,"zakra_sidebar":"customizer","zakra_transparent_header":"customizer","zakra_logo":0,"zakra_main_header_style":"default","zakra_menu_item_color":"","zakra_menu_item_hover_color":"","zakra_menu_item_active_color":"","zakra_menu_active_style":"","zakra_page_header":true,"footnotes":""},"class_list":["post-3","page","type-page","status-publish","hentry"],"jetpack_sharing_enabled":true,"_links":{"self":[{"href":"https:\/\/wkuchnidietetyka.pl\/index.php?rest_route=\/wp\/v2\/pages\/3","targetHints":{"allow":["GET"]}}],"collection":[{"href":"https:\/\/wkuchnidietetyka.pl\/index.php?rest_route=\/wp\/v2\/pages"}],"about":[{"href":"https:\/\/wkuchnidietetyka.pl\/index.php?rest_route=\/wp\/v2\/types\/page"}],"author":[{"embeddable":true,"href":"https:\/\/wkuchnidietetyka.pl\/index.php?rest_route=\/wp\/v2\/users\/1"}],"replies":[{"embeddable":true,"href":"https:\/\/wkuchnidietetyka.pl\/index.php?rest_route=%2Fwp%2Fv2%2Fcomments&post=3"}],"version-history":[{"count":0,"href":"https:\/\/wkuchnidietetyka.pl\/index.php?rest_route=\/wp\/v2\/pages\/3\/revisions"}],"wp:attachment":[{"href":"https:\/\/wkuchnidietetyka.pl\/index.php?rest_route=%2Fwp%2Fv2%2Fmedia&parent=3"}],"curies":[{"name":"wp","href":"https:\/\/api.w.org\/{rel}","templated":true}]}}