{"id":563,"date":"2021-12-13T04:15:18","date_gmt":"2021-12-13T04:15:18","guid":{"rendered":"https:\/\/blockart-agency.sites.qsandbox.com\/?page_id=563"},"modified":"2025-06-03T16:23:33","modified_gmt":"2025-06-03T14:23:33","slug":"about-4","status":"publish","type":"page","link":"https:\/\/wkuchnidietetyka.pl\/?page_id=563","title":{"rendered":"O mnie"},"content":{"rendered":"\n<div class=\"blockart-section blockart-section-6dac56bb\"><div class=\"blockart-container\"><div class=\"blockart-section-inner\">\n<div class=\"blockart-column blockart-column-ff06cdc1\"><div class=\"blockart-column-inner\"><\/div><\/div>\n\n\n\n<div class=\"blockart-column blockart-column-a5374348\"><div class=\"blockart-column-inner\">\n<figure class=\"blockart-image blockart-image-e4a7cc40\"><img loading=\"lazy\" decoding=\"async\" width=\"1080\" height=\"1080\" class=\"wp-image-1615 hover-effect-static filter-none mask mask-none\" src=\"https:\/\/wkuchnidietetyka.pl\/wp-content\/uploads\/2024\/09\/Projekt-bez-nazwy-7-1.png\" alt=\"\" srcset=\"https:\/\/wkuchnidietetyka.pl\/wp-content\/uploads\/2024\/09\/Projekt-bez-nazwy-7-1.png 1080w, https:\/\/wkuchnidietetyka.pl\/wp-content\/uploads\/2024\/09\/Projekt-bez-nazwy-7-1-300x300.png 300w, https:\/\/wkuchnidietetyka.pl\/wp-content\/uploads\/2024\/09\/Projekt-bez-nazwy-7-1-1024x1024.png 1024w, https:\/\/wkuchnidietetyka.pl\/wp-content\/uploads\/2024\/09\/Projekt-bez-nazwy-7-1-150x150.png 150w, https:\/\/wkuchnidietetyka.pl\/wp-content\/uploads\/2024\/09\/Projekt-bez-nazwy-7-1-768x768.png 768w, https:\/\/wkuchnidietetyka.pl\/wp-content\/uploads\/2024\/09\/Projekt-bez-nazwy-7-1-600x600.png 600w, https:\/\/wkuchnidietetyka.pl\/wp-content\/uploads\/2024\/09\/Projekt-bez-nazwy-7-1-100x100.png 100w\" sizes=\"auto, (max-width: 1080px) 100vw, 1080px\" \/><\/figure>\n<\/div><\/div>\n\n\n\n<div class=\"blockart-column blockart-column-83bf2c7c\"><div class=\"blockart-column-inner\">\n<p class=\"has-medium-font-size\"><strong>Poznaj mnie lepiej<\/strong><\/p>\n\n\n\n<p class=\"has-black-color has-text-color has-link-color wp-elements-66a74a161ddcaf2109c0b1380b3a713d\">Nazywam si\u0119 Ewa Gaik, jestem dietetyczk\u0105.<\/p>\n\n\n\n<p class=\"has-black-color has-text-color has-link-color wp-elements-9c62088e5bf89de50df65c2654513e24\">Na w\u0142asnej sk\u00f3rze przekona\u0142am si\u0119, jak du\u017co daje w\u0142a\u015bciwe od\u017cywianie oraz prawid\u0142owa suplementacja wspieraj\u0105ca walk\u0119 z chorob\u0105 tarczycy. To doprowadzi\u0142o mnie do obecnej specjalizacji.<\/p>\n\n\n\n<p class=\"has-black-color has-text-color has-link-color wp-elements-68e02c317670dd65a17c49fabda9d21d\">Z racji w\u0142asnej choroby potrafi\u0119 si\u0119 wczu\u0107 w Twoje problemy. Wiem, jak tarczyca daje w ko\u015b\u0107. Wiem, \u017ce mierzysz si\u0119 ze zmiennym nastrojem, ze zmian\u0105 masy cia\u0142a, z problemami ze strony uk\u0142adu pokarmowego. Wiem, bo sama tego do\u015bwiadczam. Pomagam takim osobom jak Ty! Przeczytaj moj\u0105 histori\u0119:<\/p>\n<\/div><\/div>\n<\/div><\/div><\/div>\n\n\n\n<div class=\"blockart-section blockart-section-599bf7fd\"><div class=\"blockart-container\"><div class=\"blockart-section-inner\">\n<div class=\"blockart-column blockart-column-393acb4c\"><div class=\"blockart-column-inner\">\n<p class=\"has-black-color has-text-color has-link-color wp-elements-3b056d081f3ee248000f990706d59d99\">Jak zacz\u0119\u0142a si\u0119 moja histori\u0105 z chorob\u0105 tarczycy?<\/p>\n\n\n\n<p class=\"has-black-color has-text-color has-link-color wp-elements-d9a84a3120d6e7b7d6aa8a0f843fe0d0\">Kilka lat temu mia\u0142am do\u015b\u0107 stresuj\u0105cy czas w swoim \u017cyciu. A jak zapewne wiesz, stres jest jednym z najwi\u0119kszych wrog\u00f3w zdrowia tarczycy. Mia\u0142am ju\u017c wtedy stwierdzone Hashimoto.<\/p>\n\n\n\n<p class=\"has-black-color has-text-color has-link-color wp-elements-ce5ca074bf30de70c41b21118642029a\">Pewnego dnia, po przebudzeniu zauwa\u017cy\u0142am u siebie obrz\u0119k szyi i powi\u0119kszon\u0105 tarczyc\u0119. Po wykonaniu bada\u0144 krwi lekarz potwierdzi\u0142 moje przypuszczenia. Diagnoza \u2013 nadczynno\u015b\u0107 tarczycy oraz choroba Gravesa-Basedowa. <\/p>\n\n\n\n<p class=\"has-black-color has-text-color has-link-color wp-elements-9ac00cf961d1ea846fe5a532228b76c6\"><\/p>\n\n\n\n<p class=\"has-black-color has-text-color has-link-color wp-elements-fe24bc4475fe859c25dac8c35a685320\">Jak widzisz, jestem takim samym pacjentem jak Ty! Moje do\u015bwiadczenia pomagaj\u0105 mi doskonale rozumie\u0107, z czym si\u0119 mierzysz, jakie masz w\u0105tpliwo\u015bci czy potrzeby. Mog\u0119 \u015bmia\u0142o powiedzie\u0107, \u017ce tarczyca nie ma przede mn\u0105 tajemnic!<\/p>\n\n\n\n<p><\/p>\n\n\n\n<p><\/p>\n\n\n\n<p>Opiekuj\u0119 si\u0119 r\u00f3wnie\u017c pacjentami chc\u0105cymi zadba\u0107 o prawid\u0142ow\u0105 mas\u0119 cia\u0142a i og\u00f3lne zdrowie. Ucz\u0119 czyta\u0107 etykiety. Podpowiadam, po kt\u00f3re produkty warto si\u0119ga\u0107. Opowiadam o sk\u0142adnikach od\u017cywczych, gdzie je znale\u017a\u0107, dlaczego s\u0105 istotne. <\/p>\n<\/div><\/div>\n<\/div><\/div><\/div>\n\n\n\n<div class=\"blockart-section blockart-section-90f8210f\"><div class=\"blockart-container\"><div class=\"blockart-section-inner\">\n<div class=\"blockart-column blockart-column-a10ae357\"><div class=\"blockart-column-inner is-horizontal is-flex\"><\/div><\/div>\n\n\n\n<div class=\"blockart-column blockart-column-b39ad3b6\"><div class=\"blockart-column-inner\">\n<div class=\"blockart-spacing blockart-spacing-f211d983\"><div class=\"blockart-spacing-inner\"><\/div><\/div>\n\n\n\n<div class=\"blockart-spacing blockart-spacing-2038aa5f\"><div class=\"blockart-spacing-inner\"><\/div><\/div>\n<\/div><\/div>\n\n\n\n<div class=\"blockart-column blockart-column-3e763494\"><div class=\"blockart-column-inner\">\n<h2 class=\"blockart-heading blockart-heading-07f66bd5\">Prywatnie<\/h2>\n<\/div><\/div>\n\n\n\n<div class=\"blockart-column blockart-column-4a83284a\"><div class=\"blockart-column-inner\">\n<figure class=\"blockart-image blockart-image-92eba737\"><img loading=\"lazy\" decoding=\"async\" class=\"wp-image-1330 hover-effect-static filter-none mask mask-none\" src=\"https:\/\/wkuchnidietetyka.pl\/wp-content\/uploads\/2024\/06\/Projekt-bez-nazwy-8.png\" alt=\"\" height=\"1267\" width=\"2250\" srcset=\"https:\/\/wkuchnidietetyka.pl\/wp-content\/uploads\/2024\/06\/Projekt-bez-nazwy-8.png 2250w, https:\/\/wkuchnidietetyka.pl\/wp-content\/uploads\/2024\/06\/Projekt-bez-nazwy-8-300x169.png 300w, https:\/\/wkuchnidietetyka.pl\/wp-content\/uploads\/2024\/06\/Projekt-bez-nazwy-8-1024x577.png 1024w, https:\/\/wkuchnidietetyka.pl\/wp-content\/uploads\/2024\/06\/Projekt-bez-nazwy-8-768x432.png 768w, https:\/\/wkuchnidietetyka.pl\/wp-content\/uploads\/2024\/06\/Projekt-bez-nazwy-8-1536x865.png 1536w, https:\/\/wkuchnidietetyka.pl\/wp-content\/uploads\/2024\/06\/Projekt-bez-nazwy-8-2048x1153.png 2048w, https:\/\/wkuchnidietetyka.pl\/wp-content\/uploads\/2024\/06\/Projekt-bez-nazwy-8-600x338.png 600w\" sizes=\"auto, (max-width: 2250px) 100vw, 2250px\" \/><\/figure>\n<\/div><\/div>\n<\/div><\/div><\/div>\n\n\n\n<div class=\"blockart-section blockart-section-59d12716\"><div class=\"blockart-container\"><div class=\"blockart-section-inner\">\n<div class=\"blockart-column blockart-column-07a5957c\"><div class=\"blockart-column-inner\">\n<h3 class=\"blockart-heading blockart-heading-a9e205d8\">Jestem mam\u0105 nastolatka<\/h3>\n\n\n\n<p class=\"blockart-paragraph blockart-paragraph-85c3f2c2\"> M\u00f3j siedemnastoletni syn chce i\u015b\u0107 w moje \u015blady i w przysz\u0142o\u015bci studiowa\u0107 dietetyk\u0119. W chwili obecnej jest uczniem Technikum Gastronomicznym, w klasie o specjalizacji Kucharz z elementami dietetyki. Fascynuje go dietetyka sportowa, za kilka lat b\u0119dziemy tworzy\u0107 fajny team, dope\u0142niaj\u0105c si\u0119 wiedz\u0105 z innych dziedzin. <\/p>\n<\/div><\/div>\n\n\n\n<div class=\"blockart-column blockart-column-9e56a5ed\"><div class=\"blockart-column-inner\">\n<h3 class=\"blockart-heading blockart-heading-c2fd24d6\">W kuchni dietetyka &#8211; sk\u0105d nazwa?<\/h3>\n\n\n\n<p class=\"blockart-paragraph blockart-paragraph-6de00b25\">Sk\u0105d wzi\u0119\u0142a si\u0119 nazwa W kuchni dietetyka? Z \u017cycia! <\/p>\n\n\n\n<p class=\"blockart-paragraph blockart-paragraph-bc95d047\">Pracuj\u0119 g\u0142\u00f3wnie z domu, a moje biuro znajduje si\u0119 w mojej kuchni. Tu mam wszystko, czego potrzebuj\u0119 do pracy &#8211; komputer, garnki, patelnie, lod\u00f3wk\u0119&#8230;.<\/p>\n<\/div><\/div>\n<\/div><\/div><\/div>\n\n\n\n<h3 class=\"blockart-heading blockart-heading-75a6a25c\"> <\/h3>\n\n\n\n<div class=\"blockart-section blockart-section-509d8f0c\"><div class=\"blockart-container\"><div class=\"blockart-section-inner\">\n<div class=\"blockart-column blockart-column-413243e6\"><div class=\"blockart-column-inner\"><\/div><\/div>\n\n\n\n<div class=\"blockart-column blockart-column-64274673\"><div class=\"blockart-column-inner\"><\/div><\/div>\n\n\n\n<div class=\"blockart-column blockart-column-7ebd9a1e\"><div class=\"blockart-column-inner\"><\/div><\/div>\n<\/div><\/div><\/div>\n\n\n\n<div class=\"blockart-section blockart-section-dd8de1c7\"><div class=\"blockart-container\"><div class=\"blockart-section-inner\">\n<div class=\"blockart-column blockart-column-ef65c5f9\"><div class=\"blockart-column-inner\"><\/div><\/div>\n\n\n\n<div class=\"blockart-column blockart-column-fef338f4\"><div class=\"blockart-column-inner\"><\/div><\/div>\n\n\n\n<div class=\"blockart-column blockart-column-18700945\"><div class=\"blockart-column-inner\"><\/div><\/div>\n\n\n\n<div class=\"blockart-column blockart-column-532ba91c\"><div class=\"blockart-column-inner\"><\/div><\/div>\n\n\n\n<div class=\"blockart-column blockart-column-2fd32507\"><div class=\"blockart-column-inner\"><\/div><\/div>\n\n\n\n<div class=\"blockart-column blockart-column-93daab93\"><div class=\"blockart-column-inner\"><\/div><\/div>\n\n\n\n<div class=\"blockart-column blockart-column-49e4673b\"><div class=\"blockart-column-inner\"><\/div><\/div>\n<\/div><\/div><\/div>\n","protected":false},"excerpt":{"rendered":"","protected":false},"author":2,"featured_media":0,"parent":0,"menu_order":0,"comment_status":"closed","ping_status":"closed","template":"page-templates\/pagebuilder.php","meta":{"zakra_page_container_layout":"stretched","zakra_page_sidebar_layout":"no_sidebar","zakra_remove_content_margin":true,"zakra_sidebar":"customizer","zakra_transparent_header":"customizer","zakra_logo":0,"zakra_main_header_style":"default","zakra_menu_item_color":"","zakra_menu_item_hover_color":"#000000","zakra_menu_item_active_color":"#23ab70","zakra_menu_active_style":"","zakra_page_header":false,"footnotes":""},"class_list":["post-563","page","type-page","status-publish","hentry"],"jetpack_sharing_enabled":true,"_links":{"self":[{"href":"https:\/\/wkuchnidietetyka.pl\/index.php?rest_route=\/wp\/v2\/pages\/563","targetHints":{"allow":["GET"]}}],"collection":[{"href":"https:\/\/wkuchnidietetyka.pl\/index.php?rest_route=\/wp\/v2\/pages"}],"about":[{"href":"https:\/\/wkuchnidietetyka.pl\/index.php?rest_route=\/wp\/v2\/types\/page"}],"author":[{"embeddable":true,"href":"https:\/\/wkuchnidietetyka.pl\/index.php?rest_route=\/wp\/v2\/users\/2"}],"replies":[{"embeddable":true,"href":"https:\/\/wkuchnidietetyka.pl\/index.php?rest_route=%2Fwp%2Fv2%2Fcomments&post=563"}],"version-history":[{"count":4,"href":"https:\/\/wkuchnidietetyka.pl\/index.php?rest_route=\/wp\/v2\/pages\/563\/revisions"}],"predecessor-version":[{"id":1675,"href":"https:\/\/wkuchnidietetyka.pl\/index.php?rest_route=\/wp\/v2\/pages\/563\/revisions\/1675"}],"wp:attachment":[{"href":"https:\/\/wkuchnidietetyka.pl\/index.php?rest_route=%2Fwp%2Fv2%2Fmedia&parent=563"}],"curies":[{"name":"wp","href":"https:\/\/api.w.org\/{rel}","templated":true}]}}